{"id":372,"date":"2021-08-27T11:59:19","date_gmt":"2021-08-27T11:59:19","guid":{"rendered":"http:\/\/dummy.xtemos.com\/woodmart2\/elementor\/?post_type=product&#038;p=372"},"modified":"2026-04-04T16:20:38","modified_gmt":"2026-04-04T16:20:38","slug":"adobe-creative-cloud","status":"publish","type":"product","link":"https:\/\/virtuxroom.com\/es_ec\/producto\/adobe-creative-cloud\/","title":{"rendered":"Adobe Creative Cloud"},"content":{"rendered":"\t\t<div data-elementor-type=\"wp-post\" data-elementor-id=\"372\" class=\"elementor elementor-372\" data-elementor-post-type=\"product\">\n\t\t\t\t<div class=\"wd-negative-gap elementor-element elementor-element-53eea44 e-flex e-con-boxed e-con e-parent\" data-id=\"53eea44\" data-element_type=\"container\" data-e-type=\"container\">\n\t\t\t\t\t<div class=\"e-con-inner\">\n\t\t<div class=\"elementor-element elementor-element-cc8e042 e-con-full e-flex e-con e-child\" data-id=\"cc8e042\" data-element_type=\"container\" data-e-type=\"container\">\n\t\t\t\t<div class=\"elementor-element elementor-element-4a8a87a elementor-widget elementor-widget-wd_text_block\" data-id=\"4a8a87a\" data-element_type=\"widget\" data-e-type=\"widget\" data-widget_type=\"wd_text_block.default\">\n\t\t\t\t<div class=\"elementor-widget-container\">\n\t\t\t\t\t\t\t<div class=\"wd-text-block reset-last-child text-left\">\n\t\t\t\n\t\t\t<h3>DETALLES DEL PRODUCTO<\/h3><ul class=\"unordered-list\"><li>Acceso a m\u00e1s de 20 Apps de Adobe.<\/li><li>Suscipci\u00f3n Original.<\/li><li>100 GB de almacenamiento en nube.<\/li><li>Fuentes de Adobe.<\/li><li>Adobe Portafolio.<\/li><li>Acceso a todas las IAs.<\/li><li>Soporte 24\/7.<\/li><li>Garant\u00eda durante todo el tiempo de suscripci\u00f3n.<\/li><\/ul><p>Al ser una suscripci\u00f3n original cuentas con todas las actualizaciones y todos los beneficios nombrados en la pagina directa de Adobe.<\/p>\n\t\t\t\t\t<\/div>\n\t\t\t\t\t\t<\/div>\n\t\t\t\t<\/div>\n\t\t\t\t<\/div>\n\t\t<div class=\"elementor-element elementor-element-2136194 e-con-full e-flex e-con e-child\" data-id=\"2136194\" data-element_type=\"container\" data-e-type=\"container\">\n\t\t\t\t<div class=\"elementor-element elementor-element-e17d3f0 elementor-widget elementor-widget-wd_image_or_svg\" data-id=\"e17d3f0\" data-element_type=\"widget\" data-e-type=\"widget\" data-widget_type=\"wd_image_or_svg.default\">\n\t\t\t\t<div class=\"elementor-widget-container\">\n\t\t\t\t\t\n\t\t<div class=\"wd-image text-left\">\n\t\t\t\t\t\t\t\t<img fetchpriority=\"high\" decoding=\"async\" width=\"700\" height=\"800\" src=\"https:\/\/virtuxroom.com\/wp-content\/uploads\/2021\/08\/Proy-de-Adobe-Plan-Squoosh-2.jpg\" class=\"attachment-full size-full\" alt=\"\" srcset=\"https:\/\/virtuxroom.com\/wp-content\/uploads\/2021\/08\/Proy-de-Adobe-Plan-Squoosh-2.jpg 700w, https:\/\/virtuxroom.com\/wp-content\/uploads\/2021\/08\/Proy-de-Adobe-Plan-Squoosh-2-263x300.jpg 263w, https:\/\/virtuxroom.com\/wp-content\/uploads\/2021\/08\/Proy-de-Adobe-Plan-Squoosh-2-430x491.jpg 430w, https:\/\/virtuxroom.com\/wp-content\/uploads\/2021\/08\/Proy-de-Adobe-Plan-Squoosh-2-150x171.jpg 150w\" sizes=\"(max-width: 700px) 100vw, 700px\" \/>\t\t\t\t\t<\/div>\n\n\t\t\t\t\t\t<\/div>\n\t\t\t\t<\/div>\n\t\t\t\t<\/div>\n\t\t<div class=\"elementor-element elementor-element-738f371 e-con-full e-flex e-con e-child\" data-id=\"738f371\" data-element_type=\"container\" data-e-type=\"container\">\n\t\t\t\t<div class=\"elementor-element elementor-element-5586eab elementor-widget elementor-widget-wd_image_or_svg\" data-id=\"5586eab\" data-element_type=\"widget\" data-e-type=\"widget\" data-widget_type=\"wd_image_or_svg.default\">\n\t\t\t\t<div class=\"elementor-widget-container\">\n\t\t\t\t\t\n\t\t<div class=\"wd-image text-left\">\n\t\t\t\t\t\t\t\t<img decoding=\"async\" width=\"700\" height=\"800\" src=\"https:\/\/virtuxroom.com\/wp-content\/uploads\/2021\/08\/Proy-de-Adobe-Plan-Squoosh.jpg\" class=\"attachment-full size-full\" alt=\"\" srcset=\"https:\/\/virtuxroom.com\/wp-content\/uploads\/2021\/08\/Proy-de-Adobe-Plan-Squoosh.jpg 700w, https:\/\/virtuxroom.com\/wp-content\/uploads\/2021\/08\/Proy-de-Adobe-Plan-Squoosh-263x300.jpg 263w, https:\/\/virtuxroom.com\/wp-content\/uploads\/2021\/08\/Proy-de-Adobe-Plan-Squoosh-430x491.jpg 430w, https:\/\/virtuxroom.com\/wp-content\/uploads\/2021\/08\/Proy-de-Adobe-Plan-Squoosh-150x171.jpg 150w\" sizes=\"(max-width: 700px) 100vw, 700px\" \/>\t\t\t\t\t<\/div>\n\n\t\t\t\t\t\t<\/div>\n\t\t\t\t<\/div>\n\t\t\t\t<\/div>\n\t\t\t\t\t<\/div>\n\t\t\t\t<\/div>\n\t\t\t\t<\/div>\n\t\t","protected":false},"excerpt":{"rendered":"<p><strong data-start=\"259\" data-end=\"289\">Suscripci\u00f3n<\/strong>\u00a0de Adobe Creative Cloud original, accede desde la Web y App oficial, obt\u00e9n acceso completo a m\u00e1s de <strong data-start=\"324\" data-end=\"357\">20 aplicaciones profesionales<\/strong> como Photoshop, Illustrator, Premiere Pro, Lightroom, After Effects, etc. Accede a 100 GB de almacenamiento en la nube, fuentes de Adobe, Adobe Portfolio, garant\u00eda durante el tiempo de suscripci\u00f3n, soporte t\u00e9cnico 24\/7 y m\u00e1s. Ideal para dise\u00f1adores, fot\u00f3grafos, vide\u00f3grafos y creadores de contenido que buscan resultados de nivel profesional.<\/p>\n<p>&nbsp;<\/p>\n","protected":false},"featured_media":27911,"comment_status":"open","ping_status":"closed","template":"","meta":[],"product_brand":[],"product_cat":[31,29,38],"product_tag":[],"class_list":{"0":"post-372","1":"product","2":"type-product","3":"status-publish","4":"has-post-thumbnail","6":"product_cat-diseno_grafico","7":"product_cat-diseno_web","8":"product_cat-herramientas","10":"first","11":"instock","12":"sale","13":"featured","14":"shipping-taxable","15":"purchasable","16":"product-type-variable"},"jetpack_sharing_enabled":true,"_links":{"self":[{"href":"https:\/\/virtuxroom.com\/es_ec\/wp-json\/wp\/v2\/product\/372","targetHints":{"allow":["GET"]}}],"collection":[{"href":"https:\/\/virtuxroom.com\/es_ec\/wp-json\/wp\/v2\/product"}],"about":[{"href":"https:\/\/virtuxroom.com\/es_ec\/wp-json\/wp\/v2\/types\/product"}],"replies":[{"embeddable":true,"href":"https:\/\/virtuxroom.com\/es_ec\/wp-json\/wp\/v2\/comments?post=372"}],"version-history":[{"count":14,"href":"https:\/\/virtuxroom.com\/es_ec\/wp-json\/wp\/v2\/product\/372\/revisions"}],"predecessor-version":[{"id":28013,"href":"https:\/\/virtuxroom.com\/es_ec\/wp-json\/wp\/v2\/product\/372\/revisions\/28013"}],"wp:featuredmedia":[{"embeddable":true,"href":"https:\/\/virtuxroom.com\/es_ec\/wp-json\/wp\/v2\/media\/27911"}],"wp:attachment":[{"href":"https:\/\/virtuxroom.com\/es_ec\/wp-json\/wp\/v2\/media?parent=372"}],"wp:term":[{"taxonomy":"product_brand","embeddable":true,"href":"https:\/\/virtuxroom.com\/es_ec\/wp-json\/wp\/v2\/product_brand?post=372"},{"taxonomy":"product_cat","embeddable":true,"href":"https:\/\/virtuxroom.com\/es_ec\/wp-json\/wp\/v2\/product_cat?post=372"},{"taxonomy":"product_tag","embeddable":true,"href":"https:\/\/virtuxroom.com\/es_ec\/wp-json\/wp\/v2\/product_tag?post=372"}],"curies":[{"name":"wp","href":"https:\/\/api.w.org\/{rel}","templated":true}]}}