{"id":27839,"date":"2025-09-03T01:32:32","date_gmt":"2025-09-03T01:32:32","guid":{"rendered":"https:\/\/virtuxroom.com\/?post_type=product&#038;p=27839"},"modified":"2026-01-04T01:26:02","modified_gmt":"2026-01-04T01:26:02","slug":"avast-ultimate","status":"publish","type":"product","link":"https:\/\/virtuxroom.com\/es_ec\/producto\/avast-ultimate\/","title":{"rendered":"Avast Ultimate"},"content":{"rendered":"\t\t<div data-elementor-type=\"wp-post\" data-elementor-id=\"27839\" class=\"elementor elementor-27839\" data-elementor-post-type=\"product\">\n\t\t\t\t<div class=\"wd-negative-gap elementor-element elementor-element-989ac2c e-flex e-con-boxed e-con e-parent\" data-id=\"989ac2c\" data-element_type=\"container\" data-e-type=\"container\">\n\t\t\t\t\t<div class=\"e-con-inner\">\n\t\t<div class=\"elementor-element elementor-element-7065529 e-con-full e-flex e-con e-child\" data-id=\"7065529\" data-element_type=\"container\" data-e-type=\"container\">\n\t\t<div class=\"elementor-element elementor-element-4720d12 e-con-full e-flex e-con e-child\" data-id=\"4720d12\" data-element_type=\"container\" data-e-type=\"container\">\n\t\t\t\t<div class=\"elementor-element elementor-element-7c1b269 elementor-widget elementor-widget-wd_text_block\" data-id=\"7c1b269\" data-element_type=\"widget\" data-e-type=\"widget\" data-widget_type=\"wd_text_block.default\">\n\t\t\t\t<div class=\"elementor-widget-container\">\n\t\t\t\t\t\t\t<div class=\"wd-text-block reset-last-child text-left\">\n\t\t\t\n\t\t\t<h3>DETALLES DEL PRODUCTO<\/h3><ul><li>Suscripci\u00f3n anual \u2013 hasta <strong data-start=\"729\" data-end=\"748\">10 dispositivos<\/strong> (Windows, macOS, Android, iOS)<\/li><li>Antivirus avanzado contra virus, ransomware, spyware y amenazas online<\/li><li>Privacidad y navegaci\u00f3n an\u00f3nima en cualquier red<\/li><li>Limpieza profunda y optimizaci\u00f3n del rendimiento<\/li><li>Protecci\u00f3n contra rastreadores y huella digital online<\/li><li>firewall avanzado, protecci\u00f3n de banca online, navegaci\u00f3n segura, mejora de velocidad, privacidad total en l\u00ednea<\/li><li>Actualizaciones autom\u00e1ticas incluidas durante la suscripci\u00f3n<\/li><li>Soporte 24\/7 durante toda la suscripci\u00f3n.<\/li><li>Garant\u00eda durante todo el tiempo de suscripci\u00f3n.<\/li><\/ul><p>Al ser una suscripci\u00f3n oficial, obtienes acceso inmediato a todas las herramientas premium de Avast, con total seguridad y respaldo confiable.<\/p>\n\t\t\t\t\t<\/div>\n\t\t\t\t\t\t<\/div>\n\t\t\t\t<\/div>\n\t\t\t\t<\/div>\n\t\t<div class=\"elementor-element elementor-element-e069d7b e-con-full e-flex e-con e-child\" data-id=\"e069d7b\" data-element_type=\"container\" data-e-type=\"container\">\n\t\t\t\t<\/div>\n\t\t<div class=\"elementor-element elementor-element-c0b199e e-con-full e-flex e-con e-child\" data-id=\"c0b199e\" data-element_type=\"container\" data-e-type=\"container\">\n\t\t\t\t<\/div>\n\t\t\t\t<\/div>\n\t\t\t\t\t<\/div>\n\t\t\t\t<\/div>\n\t\t\t\t<\/div>\n\t\t","protected":false},"excerpt":{"rendered":"<p>Con <strong data-start=\"271\" data-end=\"314\">Avast Ultimate (10 dispositivos, 1 a\u00f1o)<\/strong> tendr\u00e1s una <strong data-start=\"327\" data-end=\"351\">soluci\u00f3n todo en uno<\/strong> que combina seguridad, privacidad y rendimiento. Este paquete incluye el galardonado antivirus de Avast, una VPN r\u00e1pida y segura, herramientas de limpieza avanzada y protecci\u00f3n contra rastreadores. Ideal para proteger tu vida digital y mantener tus dispositivos funcionando al m\u00e1ximo nivel.<\/p>\n","protected":false},"featured_media":27915,"comment_status":"open","ping_status":"closed","template":"","meta":[],"product_brand":[],"product_cat":[47,38,21],"product_tag":[],"class_list":{"0":"post-27839","1":"product","2":"type-product","3":"status-publish","4":"has-post-thumbnail","6":"product_cat-conexiones_vpn","7":"product_cat-herramientas","8":"product_cat-seguridad","10":"first","11":"instock","12":"sale","13":"virtual","14":"purchasable","15":"product-type-simple"},"jetpack_sharing_enabled":true,"_links":{"self":[{"href":"https:\/\/virtuxroom.com\/es_ec\/wp-json\/wp\/v2\/product\/27839","targetHints":{"allow":["GET"]}}],"collection":[{"href":"https:\/\/virtuxroom.com\/es_ec\/wp-json\/wp\/v2\/product"}],"about":[{"href":"https:\/\/virtuxroom.com\/es_ec\/wp-json\/wp\/v2\/types\/product"}],"replies":[{"embeddable":true,"href":"https:\/\/virtuxroom.com\/es_ec\/wp-json\/wp\/v2\/comments?post=27839"}],"version-history":[{"count":10,"href":"https:\/\/virtuxroom.com\/es_ec\/wp-json\/wp\/v2\/product\/27839\/revisions"}],"predecessor-version":[{"id":27851,"href":"https:\/\/virtuxroom.com\/es_ec\/wp-json\/wp\/v2\/product\/27839\/revisions\/27851"}],"wp:featuredmedia":[{"embeddable":true,"href":"https:\/\/virtuxroom.com\/es_ec\/wp-json\/wp\/v2\/media\/27915"}],"wp:attachment":[{"href":"https:\/\/virtuxroom.com\/es_ec\/wp-json\/wp\/v2\/media?parent=27839"}],"wp:term":[{"taxonomy":"product_brand","embeddable":true,"href":"https:\/\/virtuxroom.com\/es_ec\/wp-json\/wp\/v2\/product_brand?post=27839"},{"taxonomy":"product_cat","embeddable":true,"href":"https:\/\/virtuxroom.com\/es_ec\/wp-json\/wp\/v2\/product_cat?post=27839"},{"taxonomy":"product_tag","embeddable":true,"href":"https:\/\/virtuxroom.com\/es_ec\/wp-json\/wp\/v2\/product_tag?post=27839"}],"curies":[{"name":"wp","href":"https:\/\/api.w.org\/{rel}","templated":true}]}}