{"id":27452,"date":"2025-07-13T04:51:40","date_gmt":"2025-07-13T04:51:40","guid":{"rendered":"https:\/\/virtuxroom.com\/?post_type=product&#038;p=27452"},"modified":"2025-09-26T01:26:31","modified_gmt":"2025-09-26T01:26:31","slug":"surfshark-vpn-1-ano","status":"publish","type":"product","link":"https:\/\/virtuxroom.com\/es_ec\/producto\/surfshark-vpn-1-ano\/","title":{"rendered":"Surfshark VPN &#8211; 1 A\u00f1o"},"content":{"rendered":"\t\t<div data-elementor-type=\"wp-post\" data-elementor-id=\"27452\" class=\"elementor elementor-27452\" data-elementor-post-type=\"product\">\n\t\t\t\t<div class=\"wd-negative-gap elementor-element elementor-element-53eea44 e-flex e-con-boxed e-con e-parent\" data-id=\"53eea44\" data-element_type=\"container\" data-e-type=\"container\">\n\t\t\t\t\t<div class=\"e-con-inner\">\n\t\t<div class=\"elementor-element elementor-element-cc8e042 e-con-full e-flex e-con e-child\" data-id=\"cc8e042\" data-element_type=\"container\" data-e-type=\"container\">\n\t\t\t\t<div class=\"elementor-element elementor-element-4a8a87a elementor-widget elementor-widget-wd_text_block\" data-id=\"4a8a87a\" data-element_type=\"widget\" data-e-type=\"widget\" data-widget_type=\"wd_text_block.default\">\n\t\t\t\t<div class=\"elementor-widget-container\">\n\t\t\t\t\t\t\t<div class=\"wd-text-block reset-last-child text-left\">\n\t\t\t\n\t\t\t<h3>VESTIBULUM TEMPUS METUS<\/h3><ul class=\"unordered-list\"><li>\u00a0Suscripci\u00f3n anual conexiones ilimitadas.<\/li><li>+3,200 servidores disponibles en m\u00e1s de 100 pa\u00edses.<\/li><li>Funciones adicionales: Bloqueador de anuncios y malware (CleanWeb), Smart DNS, Bypasser (t\u00fanel dividido).<\/li><li>Compatible con: Windows, macOS, Linux, Android, iOS; tambi\u00e9n extensiones para Chrome, Firefox, Edge, routers, TVs, consolas.<\/li><li><strong data-start=\"1104\" data-end=\"1119\">Privacidad:<\/strong> Pol\u00edtica estricta de no registros, auditada y respaldada por auditor\u00edas independientes.<\/li><li>Soporte y Asistencia 24\/7.<\/li><\/ul><p>Al adquirir <strong data-start=\"1698\" data-end=\"1732\">Surfshark Starter (Plan Anual)<\/strong>, obtienes una soluci\u00f3n VPN confiable, sin l\u00edmite de dispositivos, segura y de alta velocidad, con tecnolog\u00eda avanzada y respaldo comprobado.<\/p>\n\t\t\t\t\t<\/div>\n\t\t\t\t\t\t<\/div>\n\t\t\t\t<\/div>\n\t\t\t\t<\/div>\n\t\t<div class=\"elementor-element elementor-element-2136194 e-con-full e-flex e-con e-child\" data-id=\"2136194\" data-element_type=\"container\" data-e-type=\"container\">\n\t\t\t\t<\/div>\n\t\t<div class=\"elementor-element elementor-element-738f371 e-con-full e-flex e-con e-child\" data-id=\"738f371\" data-element_type=\"container\" data-e-type=\"container\">\n\t\t\t\t<\/div>\n\t\t\t\t\t<\/div>\n\t\t\t\t<\/div>\n\t\t\t\t<\/div>\n\t\t","protected":false},"excerpt":{"rendered":"<p data-start=\"207\" data-end=\"644\">Con <strong data-start=\"211\" data-end=\"245\">Surfshark Plan Anual (Starter)<\/strong>, obtienes <strong data-start=\"256\" data-end=\"318\">acceso completo a una de las VPN m\u00e1s valoradas del mercado<\/strong>, con conexi\u00f3n segura y r\u00e1pida desde cualquier lugar. Navega con confidencialidad gracias a su cifrado de grado militar, desbloquea contenido global sin l\u00edmites y protege todos tus dispositivos simult\u00e1neamente. Ideal para hogares, creadores de contenido y usuarios exigentes que buscan privacidad real a un precio competitivo.<\/p>\n","protected":false},"featured_media":27935,"comment_status":"open","ping_status":"closed","template":"","meta":[],"product_brand":[],"product_cat":[47,21],"product_tag":[],"class_list":{"0":"post-27452","1":"product","2":"type-product","3":"status-publish","4":"has-post-thumbnail","6":"product_cat-conexiones_vpn","7":"product_cat-seguridad","9":"first","10":"instock","11":"sale","12":"virtual","13":"purchasable","14":"product-type-simple"},"jetpack_sharing_enabled":true,"_links":{"self":[{"href":"https:\/\/virtuxroom.com\/es_ec\/wp-json\/wp\/v2\/product\/27452","targetHints":{"allow":["GET"]}}],"collection":[{"href":"https:\/\/virtuxroom.com\/es_ec\/wp-json\/wp\/v2\/product"}],"about":[{"href":"https:\/\/virtuxroom.com\/es_ec\/wp-json\/wp\/v2\/types\/product"}],"replies":[{"embeddable":true,"href":"https:\/\/virtuxroom.com\/es_ec\/wp-json\/wp\/v2\/comments?post=27452"}],"version-history":[{"count":6,"href":"https:\/\/virtuxroom.com\/es_ec\/wp-json\/wp\/v2\/product\/27452\/revisions"}],"predecessor-version":[{"id":27936,"href":"https:\/\/virtuxroom.com\/es_ec\/wp-json\/wp\/v2\/product\/27452\/revisions\/27936"}],"wp:featuredmedia":[{"embeddable":true,"href":"https:\/\/virtuxroom.com\/es_ec\/wp-json\/wp\/v2\/media\/27935"}],"wp:attachment":[{"href":"https:\/\/virtuxroom.com\/es_ec\/wp-json\/wp\/v2\/media?parent=27452"}],"wp:term":[{"taxonomy":"product_brand","embeddable":true,"href":"https:\/\/virtuxroom.com\/es_ec\/wp-json\/wp\/v2\/product_brand?post=27452"},{"taxonomy":"product_cat","embeddable":true,"href":"https:\/\/virtuxroom.com\/es_ec\/wp-json\/wp\/v2\/product_cat?post=27452"},{"taxonomy":"product_tag","embeddable":true,"href":"https:\/\/virtuxroom.com\/es_ec\/wp-json\/wp\/v2\/product_tag?post=27452"}],"curies":[{"name":"wp","href":"https:\/\/api.w.org\/{rel}","templated":true}]}}