{"id":27446,"date":"2025-07-13T04:36:54","date_gmt":"2025-07-13T04:36:54","guid":{"rendered":"https:\/\/virtuxroom.com\/?post_type=product&#038;p=27446"},"modified":"2025-09-25T18:39:21","modified_gmt":"2025-09-25T18:39:21","slug":"figma","status":"publish","type":"product","link":"https:\/\/virtuxroom.com\/es_ec\/producto\/figma\/","title":{"rendered":"Figma"},"content":{"rendered":"\t\t<div data-elementor-type=\"wp-post\" data-elementor-id=\"27446\" class=\"elementor elementor-27446\" data-elementor-post-type=\"product\">\n\t\t\t\t<div class=\"wd-negative-gap elementor-element elementor-element-d1125d5 e-flex e-con-boxed e-con e-parent\" data-id=\"d1125d5\" data-element_type=\"container\" data-e-type=\"container\">\n\t\t\t\t\t<div class=\"e-con-inner\">\n\t\t<div class=\"elementor-element elementor-element-e830e7e e-con-full e-flex e-con e-child\" data-id=\"e830e7e\" data-element_type=\"container\" data-e-type=\"container\">\n\t\t<div class=\"elementor-element elementor-element-7b0126b e-con-full e-flex e-con e-child\" data-id=\"7b0126b\" data-element_type=\"container\" data-e-type=\"container\">\n\t\t<div class=\"elementor-element elementor-element-6f893ff e-con-full e-flex e-con e-child\" data-id=\"6f893ff\" data-element_type=\"container\" data-e-type=\"container\">\n\t\t\t\t<div class=\"elementor-element elementor-element-1e1b7a1 elementor-widget elementor-widget-wd_text_block\" data-id=\"1e1b7a1\" data-element_type=\"widget\" data-e-type=\"widget\" data-widget_type=\"wd_text_block.default\">\n\t\t\t\t<div class=\"elementor-widget-container\">\n\t\t\t\t\t\t\t<div class=\"wd-text-block reset-last-child text-left\">\n\t\t\t\n\t\t\t<h3>DETALLES DEL PRODUCTO<\/h3><ul><li>Dise\u00f1o UI\/UX en modo colaborativo con Figma Design<\/li><li>Prototipado interactivo con animaciones y transiciones<\/li><li>Herramientas como FigJam (whiteboarding) y Figma Slides (presentaciones) incluidos.<\/li><li>Librer\u00edas compartidas, versionado ilimitado, control de permisos y chat de voz.<\/li><li>Acceso a Dev Mode para inspecci\u00f3n de detalles, extracci\u00f3n de c\u00f3digo y activos.<\/li><li>Acceso anticipado (beta) a herramientas como Figma Sites, Figma Make, Figma Buzz y Figma Draw \u2014 futuras funciones para dise\u00f1o web, generaci\u00f3n de apps, creaci\u00f3n de contenido y dibujo vectorial enriquecido<\/li><li>Soporte 24\/7 durante toda la suscripci\u00f3n.<\/li><\/ul><p>Al adquirir una <strong data-start=\"1782\" data-end=\"1814\">licencia profesional oficial<\/strong>, tienes acceso inmediato a todas las herramientas colaborativas, prototipos en tiempo real y funciones emergentes de Figma con total respaldo, actualizaciones constantes y una plataforma reconocida por su innovaci\u00f3n en dise\u00f1o.<\/p>\n\t\t\t\t\t<\/div>\n\t\t\t\t\t\t<\/div>\n\t\t\t\t<\/div>\n\t\t\t\t<\/div>\n\t\t<div class=\"elementor-element elementor-element-0e6504f e-con-full e-flex e-con e-child\" data-id=\"0e6504f\" data-element_type=\"container\" data-e-type=\"container\">\n\t\t\t\t<\/div>\n\t\t<div class=\"elementor-element elementor-element-fdc8c6c e-con-full e-flex e-con e-child\" data-id=\"fdc8c6c\" data-element_type=\"container\" data-e-type=\"container\">\n\t\t\t\t<\/div>\n\t\t\t\t<\/div>\n\t\t\t\t<\/div>\n\t\t\t\t\t<\/div>\n\t\t\t\t<\/div>\n\t\t\t\t<\/div>\n\t\t","protected":false},"excerpt":{"rendered":"<p>Con la suscripci\u00f3n <strong data-start=\"246\" data-end=\"291\">Figma Profesional (Full Seat, Plan Anual)<\/strong> accedes a la experiencia de dise\u00f1o m\u00e1s avanzada y colaborativa del mercado. Crea, prototipa, colabora y deja atr\u00e1s las herramientas dispares: con Figma lo tienes todo en un entorno intuitivo. Ideal para profesionales y equipos que buscan flujo de trabajo eficiente, visual y conectado, desde bocetos hasta prototipos interactivos, todo en la nube.<\/p>\n","protected":false},"featured_media":27924,"comment_status":"open","ping_status":"closed","template":"","meta":[],"product_brand":[],"product_cat":[31,29,38],"product_tag":[],"class_list":{"0":"post-27446","1":"product","2":"type-product","3":"status-publish","4":"has-post-thumbnail","6":"product_cat-diseno_grafico","7":"product_cat-diseno_web","8":"product_cat-herramientas","10":"first","11":"outofstock","12":"sale","13":"virtual","14":"purchasable","15":"product-type-simple"},"jetpack_sharing_enabled":true,"_links":{"self":[{"href":"https:\/\/virtuxroom.com\/es_ec\/wp-json\/wp\/v2\/product\/27446","targetHints":{"allow":["GET"]}}],"collection":[{"href":"https:\/\/virtuxroom.com\/es_ec\/wp-json\/wp\/v2\/product"}],"about":[{"href":"https:\/\/virtuxroom.com\/es_ec\/wp-json\/wp\/v2\/types\/product"}],"replies":[{"embeddable":true,"href":"https:\/\/virtuxroom.com\/es_ec\/wp-json\/wp\/v2\/comments?post=27446"}],"version-history":[{"count":12,"href":"https:\/\/virtuxroom.com\/es_ec\/wp-json\/wp\/v2\/product\/27446\/revisions"}],"predecessor-version":[{"id":27925,"href":"https:\/\/virtuxroom.com\/es_ec\/wp-json\/wp\/v2\/product\/27446\/revisions\/27925"}],"wp:featuredmedia":[{"embeddable":true,"href":"https:\/\/virtuxroom.com\/es_ec\/wp-json\/wp\/v2\/media\/27924"}],"wp:attachment":[{"href":"https:\/\/virtuxroom.com\/es_ec\/wp-json\/wp\/v2\/media?parent=27446"}],"wp:term":[{"taxonomy":"product_brand","embeddable":true,"href":"https:\/\/virtuxroom.com\/es_ec\/wp-json\/wp\/v2\/product_brand?post=27446"},{"taxonomy":"product_cat","embeddable":true,"href":"https:\/\/virtuxroom.com\/es_ec\/wp-json\/wp\/v2\/product_cat?post=27446"},{"taxonomy":"product_tag","embeddable":true,"href":"https:\/\/virtuxroom.com\/es_ec\/wp-json\/wp\/v2\/product_tag?post=27446"}],"curies":[{"name":"wp","href":"https:\/\/api.w.org\/{rel}","templated":true}]}}