{"id":27443,"date":"2025-07-13T04:32:45","date_gmt":"2025-07-13T04:32:45","guid":{"rendered":"https:\/\/virtuxroom.com\/?post_type=product&#038;p=27443"},"modified":"2025-09-25T16:43:03","modified_gmt":"2025-09-25T16:43:03","slug":"davinci-resolve","status":"publish","type":"product","link":"https:\/\/virtuxroom.com\/es_ec\/producto\/davinci-resolve\/","title":{"rendered":"DaVinci Resolve"},"content":{"rendered":"\t\t<div data-elementor-type=\"wp-post\" data-elementor-id=\"27443\" class=\"elementor elementor-27443\" data-elementor-post-type=\"product\">\n\t\t\t\t<div class=\"wd-negative-gap elementor-element elementor-element-e1d21c2 e-flex e-con-boxed e-con e-parent\" data-id=\"e1d21c2\" data-element_type=\"container\" data-e-type=\"container\">\n\t\t\t\t\t<div class=\"e-con-inner\">\n\t\t<div class=\"elementor-element elementor-element-b3616b2 e-con-full e-flex e-con e-child\" data-id=\"b3616b2\" data-element_type=\"container\" data-e-type=\"container\">\n\t\t<div class=\"elementor-element elementor-element-25426ca e-con-full e-flex e-con e-child\" data-id=\"25426ca\" data-element_type=\"container\" data-e-type=\"container\">\n\t\t<div class=\"elementor-element elementor-element-ce617cb e-con-full e-flex e-con e-child\" data-id=\"ce617cb\" data-element_type=\"container\" data-e-type=\"container\">\n\t\t\t\t<div class=\"elementor-element elementor-element-94851af elementor-widget elementor-widget-wd_text_block\" data-id=\"94851af\" data-element_type=\"widget\" data-e-type=\"widget\" data-widget_type=\"wd_text_block.default\">\n\t\t\t\t<div class=\"elementor-widget-container\">\n\t\t\t\t\t\t\t<div class=\"wd-text-block reset-last-child text-left\">\n\t\t\t\n\t\t\t<h3>DETALLES DEL PRODUCTO<\/h3><ul><li>Licencia original activada desde Blackmagic Design.<\/li><li>Edici\u00f3n de video profesional resoluciones hasta 8K.<\/li><li>Correcci\u00f3n de color avanzada.<\/li><li>Efectos visuales y composiciones con motor Fusion.<\/li><li>Postproducci\u00f3n de audio profesional con Fairlight.<\/li><li>Compatibilidad con Windows, macOS y Linux.<\/li><li>Actualizaciones gratuitas de por vida.<\/li><li>Garant\u00eda durante 15 d\u00edas despu\u00e9s de la compra.<\/li><\/ul><p data-start=\"1315\" data-end=\"1497\">Con <strong data-start=\"1319\" data-end=\"1345\">DaVinci Resolve Studio<\/strong> tendr\u00e1s una soluci\u00f3n integral para todo tu proceso de postproducci\u00f3n, desde la edici\u00f3n hasta la entrega final, manteniendo siempre calidad profesional.<\/p>\n\t\t\t\t\t<\/div>\n\t\t\t\t\t\t<\/div>\n\t\t\t\t<\/div>\n\t\t\t\t<\/div>\n\t\t<div class=\"elementor-element elementor-element-d7e5611 e-con-full e-flex e-con e-child\" data-id=\"d7e5611\" data-element_type=\"container\" data-e-type=\"container\">\n\t\t\t\t<\/div>\n\t\t<div class=\"elementor-element elementor-element-b812cb7 e-con-full e-flex e-con e-child\" data-id=\"b812cb7\" data-element_type=\"container\" data-e-type=\"container\">\n\t\t\t\t<\/div>\n\t\t\t\t<\/div>\n\t\t\t\t<\/div>\n\t\t\t\t\t<\/div>\n\t\t\t\t<\/div>\n\t\t\t\t<\/div>\n\t\t","protected":false},"excerpt":{"rendered":"<p data-start=\"187\" data-end=\"556\">El software profesional de edici\u00f3n, correcci\u00f3n de color, efectos visuales y postproducci\u00f3n de audio m\u00e1s completo del mercado. Utilizado por estudios de cine y televisi\u00f3n a nivel mundial, ofrece una calidad cinematogr\u00e1fica con herramientas avanzadas para edici\u00f3n en 8K, gradaci\u00f3n HDR, fusi\u00f3n de efectos y mezcla de audio Fairlight.<\/p>\n<p data-start=\"558\" data-end=\"713\">Incluye todo en una sola plataforma, eliminando la necesidad de m\u00faltiples programas y optimizando tu flujo de trabajo para lograr resultados de alto nivel.<\/p>\n","protected":false},"featured_media":27920,"comment_status":"open","ping_status":"closed","template":"","meta":[],"product_brand":[],"product_cat":[31,38],"product_tag":[],"class_list":{"0":"post-27443","1":"product","2":"type-product","3":"status-publish","4":"has-post-thumbnail","6":"product_cat-diseno_grafico","7":"product_cat-herramientas","9":"first","10":"outofstock","11":"sale","12":"virtual","13":"purchasable","14":"product-type-simple"},"jetpack_sharing_enabled":true,"_links":{"self":[{"href":"https:\/\/virtuxroom.com\/es_ec\/wp-json\/wp\/v2\/product\/27443","targetHints":{"allow":["GET"]}}],"collection":[{"href":"https:\/\/virtuxroom.com\/es_ec\/wp-json\/wp\/v2\/product"}],"about":[{"href":"https:\/\/virtuxroom.com\/es_ec\/wp-json\/wp\/v2\/types\/product"}],"replies":[{"embeddable":true,"href":"https:\/\/virtuxroom.com\/es_ec\/wp-json\/wp\/v2\/comments?post=27443"}],"version-history":[{"count":10,"href":"https:\/\/virtuxroom.com\/es_ec\/wp-json\/wp\/v2\/product\/27443\/revisions"}],"predecessor-version":[{"id":27921,"href":"https:\/\/virtuxroom.com\/es_ec\/wp-json\/wp\/v2\/product\/27443\/revisions\/27921"}],"wp:featuredmedia":[{"embeddable":true,"href":"https:\/\/virtuxroom.com\/es_ec\/wp-json\/wp\/v2\/media\/27920"}],"wp:attachment":[{"href":"https:\/\/virtuxroom.com\/es_ec\/wp-json\/wp\/v2\/media?parent=27443"}],"wp:term":[{"taxonomy":"product_brand","embeddable":true,"href":"https:\/\/virtuxroom.com\/es_ec\/wp-json\/wp\/v2\/product_brand?post=27443"},{"taxonomy":"product_cat","embeddable":true,"href":"https:\/\/virtuxroom.com\/es_ec\/wp-json\/wp\/v2\/product_cat?post=27443"},{"taxonomy":"product_tag","embeddable":true,"href":"https:\/\/virtuxroom.com\/es_ec\/wp-json\/wp\/v2\/product_tag?post=27443"}],"curies":[{"name":"wp","href":"https:\/\/api.w.org\/{rel}","templated":true}]}}