{"id":27439,"date":"2025-07-13T04:18:23","date_gmt":"2025-07-13T04:18:23","guid":{"rendered":"https:\/\/virtuxroom.com\/?post_type=product&#038;p=27439"},"modified":"2025-09-25T18:42:01","modified_gmt":"2025-09-25T18:42:01","slug":"final-cut-pro","status":"publish","type":"product","link":"https:\/\/virtuxroom.com\/es_ec\/producto\/final-cut-pro\/","title":{"rendered":"Final Cut Pro"},"content":{"rendered":"\t\t<div data-elementor-type=\"wp-post\" data-elementor-id=\"27439\" class=\"elementor elementor-27439\" data-elementor-post-type=\"product\">\n\t\t\t\t<div class=\"wd-negative-gap elementor-element elementor-element-51d4f03 e-flex e-con-boxed e-con e-parent\" data-id=\"51d4f03\" data-element_type=\"container\" data-e-type=\"container\">\n\t\t\t\t\t<div class=\"e-con-inner\">\n\t\t<div class=\"elementor-element elementor-element-3c1c6d3 e-con-full e-flex e-con e-child\" data-id=\"3c1c6d3\" data-element_type=\"container\" data-e-type=\"container\">\n\t\t<div class=\"elementor-element elementor-element-241b93d e-con-full e-flex e-con e-child\" data-id=\"241b93d\" data-element_type=\"container\" data-e-type=\"container\">\n\t\t\t\t<div class=\"elementor-element elementor-element-e5daadf elementor-widget elementor-widget-wd_text_block\" data-id=\"e5daadf\" data-element_type=\"widget\" data-e-type=\"widget\" data-widget_type=\"wd_text_block.default\">\n\t\t\t\t<div class=\"elementor-widget-container\">\n\t\t\t\t\t\t\t<div class=\"wd-text-block reset-last-child text-left\">\n\t\t\t\n\t\t\t<h3>DETALLES DEL PRODUCTO<\/h3><ul><li>Licencia original 100% activada desde Apple.<\/li><li>Edici\u00f3n de video profesional resoluciones hasta 8K.<\/li><li>Interfaz intuitiva optimizada para macOS.<\/li><li>Efectos y transiciones en tiempo real.<\/li><li>Correcci\u00f3n de color avanzada.<\/li><li>Soporte para edici\u00f3n multic\u00e1mara y 360\u00b0.<\/li><li>Compatible con dispositivos m\u00f3viles y PC.<\/li><li>Actualizaciones gratuitas.<\/li><\/ul><p>Con <strong data-start=\"1458\" data-end=\"1475\">Final Cut Pro<\/strong> tendr\u00e1s un entorno de edici\u00f3n veloz, creativo y profesional, ideal para tus proyectos audiovisuales.<\/p>\n\t\t\t\t\t<\/div>\n\t\t\t\t\t\t<\/div>\n\t\t\t\t<\/div>\n\t\t\t\t<\/div>\n\t\t<div class=\"elementor-element elementor-element-5ce89b3 e-con-full e-flex e-con e-child\" data-id=\"5ce89b3\" data-element_type=\"container\" data-e-type=\"container\">\n\t\t\t\t<\/div>\n\t\t<div class=\"elementor-element elementor-element-027d9bc e-con-full e-flex e-con e-child\" data-id=\"027d9bc\" data-element_type=\"container\" data-e-type=\"container\">\n\t\t\t\t<\/div>\n\t\t\t\t<\/div>\n\t\t\t\t\t<\/div>\n\t\t\t\t<\/div>\n\t\t\t\t<\/div>\n\t\t","protected":false},"excerpt":{"rendered":"<p><strong data-start=\"162\" data-end=\"188\">Final Cut Pro <\/strong>original, el software de edici\u00f3n de video profesional desarrollado por Apple, dise\u00f1ado para ofrecer un rendimiento r\u00e1pido, fluido y con resultados cinematogr\u00e1ficos. Su interfaz intuitiva y optimizada para macOS permite a creadores, cineastas y productores trabajar con videos en resoluciones de hasta 8K, aplicando efectos, transiciones y correcciones de color avanzadas en tiempo real. Ideal para\u00a0la postproducci\u00f3n audiovisual.<\/p>\n","protected":false},"featured_media":27926,"comment_status":"open","ping_status":"closed","template":"","meta":[],"product_brand":[],"product_cat":[31],"product_tag":[],"class_list":{"0":"post-27439","1":"product","2":"type-product","3":"status-publish","4":"has-post-thumbnail","6":"product_cat-diseno_grafico","8":"first","9":"outofstock","10":"sale","11":"virtual","12":"purchasable","13":"product-type-simple"},"jetpack_sharing_enabled":true,"_links":{"self":[{"href":"https:\/\/virtuxroom.com\/es_ec\/wp-json\/wp\/v2\/product\/27439","targetHints":{"allow":["GET"]}}],"collection":[{"href":"https:\/\/virtuxroom.com\/es_ec\/wp-json\/wp\/v2\/product"}],"about":[{"href":"https:\/\/virtuxroom.com\/es_ec\/wp-json\/wp\/v2\/types\/product"}],"replies":[{"embeddable":true,"href":"https:\/\/virtuxroom.com\/es_ec\/wp-json\/wp\/v2\/comments?post=27439"}],"version-history":[{"count":10,"href":"https:\/\/virtuxroom.com\/es_ec\/wp-json\/wp\/v2\/product\/27439\/revisions"}],"predecessor-version":[{"id":27928,"href":"https:\/\/virtuxroom.com\/es_ec\/wp-json\/wp\/v2\/product\/27439\/revisions\/27928"}],"wp:featuredmedia":[{"embeddable":true,"href":"https:\/\/virtuxroom.com\/es_ec\/wp-json\/wp\/v2\/media\/27926"}],"wp:attachment":[{"href":"https:\/\/virtuxroom.com\/es_ec\/wp-json\/wp\/v2\/media?parent=27439"}],"wp:term":[{"taxonomy":"product_brand","embeddable":true,"href":"https:\/\/virtuxroom.com\/es_ec\/wp-json\/wp\/v2\/product_brand?post=27439"},{"taxonomy":"product_cat","embeddable":true,"href":"https:\/\/virtuxroom.com\/es_ec\/wp-json\/wp\/v2\/product_cat?post=27439"},{"taxonomy":"product_tag","embeddable":true,"href":"https:\/\/virtuxroom.com\/es_ec\/wp-json\/wp\/v2\/product_tag?post=27439"}],"curies":[{"name":"wp","href":"https:\/\/api.w.org\/{rel}","templated":true}]}}