{"id":27436,"date":"2025-07-12T13:27:32","date_gmt":"2025-07-12T13:27:32","guid":{"rendered":"https:\/\/virtuxroom.com\/?post_type=product&#038;p=27436"},"modified":"2025-09-25T16:35:19","modified_gmt":"2025-09-25T16:35:19","slug":"autodesk-1-ano","status":"publish","type":"product","link":"https:\/\/virtuxroom.com\/es_ec\/producto\/autodesk-1-ano\/","title":{"rendered":"Autodesk &#8211; 1 A\u00f1o"},"content":{"rendered":"\t\t<div data-elementor-type=\"wp-post\" data-elementor-id=\"27436\" class=\"elementor elementor-27436\" data-elementor-post-type=\"product\">\n\t\t\t\t<div class=\"wd-negative-gap elementor-element elementor-element-9315ddc e-flex e-con-boxed e-con e-parent\" data-id=\"9315ddc\" data-element_type=\"container\" data-e-type=\"container\">\n\t\t\t\t\t<div class=\"e-con-inner\">\n\t\t<div class=\"elementor-element elementor-element-aca4d94 e-con-full e-flex e-con e-child\" data-id=\"aca4d94\" data-element_type=\"container\" data-e-type=\"container\">\n\t\t<div class=\"elementor-element elementor-element-a20e592 e-con-full e-flex e-con e-child\" data-id=\"a20e592\" data-element_type=\"container\" data-e-type=\"container\">\n\t\t<div class=\"elementor-element elementor-element-744790f e-con-full e-flex e-con e-child\" data-id=\"744790f\" data-element_type=\"container\" data-e-type=\"container\">\n\t\t\t\t<div class=\"elementor-element elementor-element-3391b1c elementor-widget elementor-widget-wd_text_block\" data-id=\"3391b1c\" data-element_type=\"widget\" data-e-type=\"widget\" data-widget_type=\"wd_text_block.default\">\n\t\t\t\t<div class=\"elementor-widget-container\">\n\t\t\t\t\t\t\t<div class=\"wd-text-block reset-last-child text-left\">\n\t\t\t\n\t\t\t<h3>DETALLES DEL PRODUCTO<\/h3><ul><li>Licencia original 100% activada desde Autodesk.<\/li><li>AutoCAD, 3ds Max, Civil 3D, Fusion 360, etc.<\/li><li>Dise\u00f1o 2D y 3D profesional, modelado param\u00e9trico, simulaciones, renderizados y animaciones.<\/li><li>Almacenamiento en nube sincronizaci\u00f3n de archivos.<\/li><li>Soporte t\u00e9cnico 24\/7 directo desde Autodesk.<\/li><li>Compatible con Windows y macOS.<\/li><li>Compatible con dispositivos m\u00f3viles y PC.<\/li><li>Actualizaciones autom\u00e1ticas durante la suscripci\u00f3n.<\/li><li>Garant\u00eda durante todo el tiempo de suscripci\u00f3n.<\/li><\/ul><p>Con esta suscripci\u00f3n original de Autodesk, accedes a todas las ventajas de la plataforma y a herramientas reconocidas a nivel mundial en el \u00e1mbito profesional y acad\u00e9mico.<\/p>\n\t\t\t\t\t<\/div>\n\t\t\t\t\t\t<\/div>\n\t\t\t\t<\/div>\n\t\t\t\t<\/div>\n\t\t<div class=\"elementor-element elementor-element-6631064 e-con-full e-flex e-con e-child\" data-id=\"6631064\" data-element_type=\"container\" data-e-type=\"container\">\n\t\t\t\t<\/div>\n\t\t<div class=\"elementor-element elementor-element-70112ad e-con-full e-flex e-con e-child\" data-id=\"70112ad\" data-element_type=\"container\" data-e-type=\"container\">\n\t\t\t\t<\/div>\n\t\t\t\t<\/div>\n\t\t\t\t<\/div>\n\t\t\t\t\t<\/div>\n\t\t\t\t<\/div>\n\t\t\t\t<\/div>\n\t\t","protected":false},"excerpt":{"rendered":"<p data-start=\"233\" data-end=\"614\"><strong data-start=\"233\" data-end=\"275\">Suscripci\u00f3n Anual de Autodesk original<\/strong>, accede desde la web y aplicaciones oficiales a las herramientas de dise\u00f1o 2D y 3D m\u00e1s potentes del mercado. Incluye acceso completo a software como AutoCAD, Revit, 3ds Max, Maya y m\u00e1s. Ideal para arquitectos, ingenieros, dise\u00f1adores industriales y creativos que requieren soluciones profesionales de modelado, simulaci\u00f3n y renderizado.<\/p>\n<p data-start=\"233\" data-end=\"614\">Con soporte t\u00e9cnico especializado, almacenamiento en la nube y actualizaciones constantes, tu productividad y precisi\u00f3n alcanzar\u00e1n otro nivel.<\/p>\n","protected":false},"featured_media":27913,"comment_status":"open","ping_status":"closed","template":"","meta":[],"product_brand":[],"product_cat":[31,29,38],"product_tag":[],"class_list":{"0":"post-27436","1":"product","2":"type-product","3":"status-publish","4":"has-post-thumbnail","6":"product_cat-diseno_grafico","7":"product_cat-diseno_web","8":"product_cat-herramientas","10":"first","11":"outofstock","12":"sale","13":"virtual","14":"purchasable","15":"product-type-simple"},"jetpack_sharing_enabled":true,"_links":{"self":[{"href":"https:\/\/virtuxroom.com\/es_ec\/wp-json\/wp\/v2\/product\/27436","targetHints":{"allow":["GET"]}}],"collection":[{"href":"https:\/\/virtuxroom.com\/es_ec\/wp-json\/wp\/v2\/product"}],"about":[{"href":"https:\/\/virtuxroom.com\/es_ec\/wp-json\/wp\/v2\/types\/product"}],"replies":[{"embeddable":true,"href":"https:\/\/virtuxroom.com\/es_ec\/wp-json\/wp\/v2\/comments?post=27436"}],"version-history":[{"count":18,"href":"https:\/\/virtuxroom.com\/es_ec\/wp-json\/wp\/v2\/product\/27436\/revisions"}],"predecessor-version":[{"id":27914,"href":"https:\/\/virtuxroom.com\/es_ec\/wp-json\/wp\/v2\/product\/27436\/revisions\/27914"}],"wp:featuredmedia":[{"embeddable":true,"href":"https:\/\/virtuxroom.com\/es_ec\/wp-json\/wp\/v2\/media\/27913"}],"wp:attachment":[{"href":"https:\/\/virtuxroom.com\/es_ec\/wp-json\/wp\/v2\/media?parent=27436"}],"wp:term":[{"taxonomy":"product_brand","embeddable":true,"href":"https:\/\/virtuxroom.com\/es_ec\/wp-json\/wp\/v2\/product_brand?post=27436"},{"taxonomy":"product_cat","embeddable":true,"href":"https:\/\/virtuxroom.com\/es_ec\/wp-json\/wp\/v2\/product_cat?post=27436"},{"taxonomy":"product_tag","embeddable":true,"href":"https:\/\/virtuxroom.com\/es_ec\/wp-json\/wp\/v2\/product_tag?post=27436"}],"curies":[{"name":"wp","href":"https:\/\/api.w.org\/{rel}","templated":true}]}}