{"id":27432,"date":"2025-07-12T03:20:26","date_gmt":"2025-07-12T03:20:26","guid":{"rendered":"https:\/\/virtuxroom.com\/?post_type=product&#038;p=27432"},"modified":"2025-09-26T23:33:08","modified_gmt":"2025-09-26T23:33:08","slug":"windows-11-pro-1-ano","status":"publish","type":"product","link":"https:\/\/virtuxroom.com\/es_ec\/producto\/windows-11-pro-1-ano\/","title":{"rendered":"Windows 11 Pro OEM"},"content":{"rendered":"\t\t<div data-elementor-type=\"wp-post\" data-elementor-id=\"27432\" class=\"elementor elementor-27432\" data-elementor-post-type=\"product\">\n\t\t\t\t<div class=\"wd-negative-gap elementor-element elementor-element-2a51e47 e-flex e-con-boxed e-con e-parent\" data-id=\"2a51e47\" data-element_type=\"container\" data-e-type=\"container\">\n\t\t\t\t\t<div class=\"e-con-inner\">\n\t\t<div class=\"elementor-element elementor-element-01fc7d0 e-con-full e-flex e-con e-child\" data-id=\"01fc7d0\" data-element_type=\"container\" data-e-type=\"container\">\n\t\t\t\t<div class=\"elementor-element elementor-element-3d26ce2 elementor-widget elementor-widget-wd_text_block\" data-id=\"3d26ce2\" data-element_type=\"widget\" data-e-type=\"widget\" data-widget_type=\"wd_text_block.default\">\n\t\t\t\t<div class=\"elementor-widget-container\">\n\t\t\t\t\t\t\t<div class=\"wd-text-block reset-last-child text-left\">\n\t\t\t\n\t\t\t<h3>DETALLES DEL PRODUCTO<\/h3><ul class=\"unordered-list\"><li>Licencia OEM original y de por vida.<\/li><li>Activaci\u00f3n 100% online y segura.<\/li><li>Interfaz moderna y optimizada para multitarea.<\/li><li>Compatibilidad con aplicaciones y programas.<\/li><li>Ideal para empresas y uso profesional.<\/li><li>Actualizaciones autom\u00e1ticas de Microsoft.<\/li><li>Garant\u00eda hasta 7 d\u00edas despu\u00e9s de la compra.<\/li><\/ul><p>Con esta <strong data-start=\"1150\" data-end=\"1175\">licencia original OEM<\/strong>, disfrutas de todas las ventajas oficiales de Microsoft Windows 11 Pro de forma legal y permanente obtendr\u00e1s las actualizaciones permanentemente.<\/p>\n\t\t\t\t\t<\/div>\n\t\t\t\t\t\t<\/div>\n\t\t\t\t<\/div>\n\t\t\t\t<\/div>\n\t\t<div class=\"elementor-element elementor-element-8e7cad6 e-con-full e-flex e-con e-child\" data-id=\"8e7cad6\" data-element_type=\"container\" data-e-type=\"container\">\n\t\t\t\t<div class=\"elementor-element elementor-element-8c781c7 elementor-widget elementor-widget-wd_image_or_svg\" data-id=\"8c781c7\" data-element_type=\"widget\" data-e-type=\"widget\" data-widget_type=\"wd_image_or_svg.default\">\n\t\t\t\t<div class=\"elementor-widget-container\">\n\t\t\t\t\t\n\t\t<div class=\"wd-image text-left\">\n\t\t\t\t\t\t\t\t<img fetchpriority=\"high\" decoding=\"async\" width=\"700\" height=\"800\" src=\"https:\/\/virtuxroom.com\/wp-content\/uploads\/2025\/07\/Proy-de-Windows-11-pro-oem-Squoosh.webp\" class=\"attachment-full size-full\" alt=\"\" srcset=\"https:\/\/virtuxroom.com\/wp-content\/uploads\/2025\/07\/Proy-de-Windows-11-pro-oem-Squoosh.webp 700w, https:\/\/virtuxroom.com\/wp-content\/uploads\/2025\/07\/Proy-de-Windows-11-pro-oem-Squoosh-263x300.webp 263w, https:\/\/virtuxroom.com\/wp-content\/uploads\/2025\/07\/Proy-de-Windows-11-pro-oem-Squoosh-430x491.webp 430w, https:\/\/virtuxroom.com\/wp-content\/uploads\/2025\/07\/Proy-de-Windows-11-pro-oem-Squoosh-150x171.webp 150w\" sizes=\"(max-width: 700px) 100vw, 700px\" \/>\t\t\t\t\t<\/div>\n\n\t\t\t\t\t\t<\/div>\n\t\t\t\t<\/div>\n\t\t\t\t<\/div>\n\t\t<div class=\"elementor-element elementor-element-d9a59bb e-con-full e-flex e-con e-child\" data-id=\"d9a59bb\" data-element_type=\"container\" data-e-type=\"container\">\n\t\t\t\t<div class=\"elementor-element elementor-element-cb83973 elementor-widget elementor-widget-wd_image_or_svg\" data-id=\"cb83973\" data-element_type=\"widget\" data-e-type=\"widget\" data-widget_type=\"wd_image_or_svg.default\">\n\t\t\t\t<div class=\"elementor-widget-container\">\n\t\t\t\t\t\n\t\t<div class=\"wd-image text-left\">\n\t\t\t\t\t\t\t\t<img decoding=\"async\" width=\"700\" height=\"800\" src=\"https:\/\/virtuxroom.com\/wp-content\/uploads\/2025\/07\/Proy-de-Windows-11-pro-oem-2-Squoosh.jpg\" class=\"attachment-full size-full\" alt=\"\" srcset=\"https:\/\/virtuxroom.com\/wp-content\/uploads\/2025\/07\/Proy-de-Windows-11-pro-oem-2-Squoosh.jpg 700w, https:\/\/virtuxroom.com\/wp-content\/uploads\/2025\/07\/Proy-de-Windows-11-pro-oem-2-Squoosh-263x300.jpg 263w, https:\/\/virtuxroom.com\/wp-content\/uploads\/2025\/07\/Proy-de-Windows-11-pro-oem-2-Squoosh-430x491.jpg 430w, https:\/\/virtuxroom.com\/wp-content\/uploads\/2025\/07\/Proy-de-Windows-11-pro-oem-2-Squoosh-150x171.jpg 150w\" sizes=\"(max-width: 700px) 100vw, 700px\" \/>\t\t\t\t\t<\/div>\n\n\t\t\t\t\t\t<\/div>\n\t\t\t\t<\/div>\n\t\t\t\t<\/div>\n\t\t\t\t\t<\/div>\n\t\t\t\t<\/div>\n\t\t\t\t<\/div>\n\t\t","protected":false},"excerpt":{"rendered":"<p data-start=\"169\" data-end=\"475\"><strong data-start=\"169\" data-end=\"223\">Licencia Vitalicia <\/strong>de Windows 11 Pro en versi\u00f3n OEM, ideal para garantizar seguridad, estabilidad y m\u00e1ximo rendimiento en tu PC. Disfruta de todas las funciones avanzadas del sistema operativo m\u00e1s moderno de Microsoft, con herramientas de productividad, dise\u00f1o intuitivo y actualizaciones autom\u00e1ticas.<\/p>\n<p data-start=\"477\" data-end=\"609\">Perfecto para profesionales, empresas y usuarios que buscan un sistema r\u00e1pido, seguro y optimizado para trabajo y entretenimiento.<\/p>\n","protected":false},"featured_media":27937,"comment_status":"open","ping_status":"closed","template":"","meta":[],"product_brand":[],"product_cat":[38,28],"product_tag":[],"class_list":{"0":"post-27432","1":"product","2":"type-product","3":"status-publish","4":"has-post-thumbnail","6":"product_cat-herramientas","7":"product_cat-sistema_operativo","9":"first","10":"instock","11":"sale","12":"virtual","13":"purchasable","14":"product-type-simple"},"jetpack_sharing_enabled":true,"_links":{"self":[{"href":"https:\/\/virtuxroom.com\/es_ec\/wp-json\/wp\/v2\/product\/27432","targetHints":{"allow":["GET"]}}],"collection":[{"href":"https:\/\/virtuxroom.com\/es_ec\/wp-json\/wp\/v2\/product"}],"about":[{"href":"https:\/\/virtuxroom.com\/es_ec\/wp-json\/wp\/v2\/types\/product"}],"replies":[{"embeddable":true,"href":"https:\/\/virtuxroom.com\/es_ec\/wp-json\/wp\/v2\/comments?post=27432"}],"version-history":[{"count":7,"href":"https:\/\/virtuxroom.com\/es_ec\/wp-json\/wp\/v2\/product\/27432\/revisions"}],"predecessor-version":[{"id":27938,"href":"https:\/\/virtuxroom.com\/es_ec\/wp-json\/wp\/v2\/product\/27432\/revisions\/27938"}],"wp:featuredmedia":[{"embeddable":true,"href":"https:\/\/virtuxroom.com\/es_ec\/wp-json\/wp\/v2\/media\/27937"}],"wp:attachment":[{"href":"https:\/\/virtuxroom.com\/es_ec\/wp-json\/wp\/v2\/media?parent=27432"}],"wp:term":[{"taxonomy":"product_brand","embeddable":true,"href":"https:\/\/virtuxroom.com\/es_ec\/wp-json\/wp\/v2\/product_brand?post=27432"},{"taxonomy":"product_cat","embeddable":true,"href":"https:\/\/virtuxroom.com\/es_ec\/wp-json\/wp\/v2\/product_cat?post=27432"},{"taxonomy":"product_tag","embeddable":true,"href":"https:\/\/virtuxroom.com\/es_ec\/wp-json\/wp\/v2\/product_tag?post=27432"}],"curies":[{"name":"wp","href":"https:\/\/api.w.org\/{rel}","templated":true}]}}