{"id":27424,"date":"2025-07-10T05:58:11","date_gmt":"2025-07-10T05:58:11","guid":{"rendered":"https:\/\/virtuxroom.com\/?post_type=product&#038;p=27424"},"modified":"2025-09-25T18:51:10","modified_gmt":"2025-09-25T18:51:10","slug":"mcafee","status":"publish","type":"product","link":"https:\/\/virtuxroom.com\/es_ec\/producto\/mcafee\/","title":{"rendered":"McAfee &#8211; 1 A\u00f1o"},"content":{"rendered":"\t\t<div data-elementor-type=\"wp-post\" data-elementor-id=\"27424\" class=\"elementor elementor-27424\" data-elementor-post-type=\"product\">\n\t\t\t\t<div class=\"wd-negative-gap elementor-element elementor-element-0cc89cc e-flex e-con-boxed e-con e-parent\" data-id=\"0cc89cc\" data-element_type=\"container\" data-e-type=\"container\">\n\t\t\t\t\t<div class=\"e-con-inner\">\n\t\t<div class=\"elementor-element elementor-element-bbe3876 e-con-full e-flex e-con e-child\" data-id=\"bbe3876\" data-element_type=\"container\" data-e-type=\"container\">\n\t\t<div class=\"elementor-element elementor-element-3c3e990 e-con-full e-flex e-con e-child\" data-id=\"3c3e990\" data-element_type=\"container\" data-e-type=\"container\">\n\t\t\t\t<div class=\"elementor-element elementor-element-e687b0c elementor-widget elementor-widget-wd_text_block\" data-id=\"e687b0c\" data-element_type=\"widget\" data-e-type=\"widget\" data-widget_type=\"wd_text_block.default\">\n\t\t\t\t<div class=\"elementor-widget-container\">\n\t\t\t\t\t\t\t<div class=\"wd-text-block reset-last-child text-left\">\n\t\t\t\n\t\t\t<h3>DETALLES DEL PRODUCTO<\/h3><ul class=\"unordered-list\"><li>Protecci\u00f3n en tiempo real contra virus, malware y ransomware.<\/li><li>Firewall avanzado para bloquear accesos no autorizados.<\/li><li>Navegaci\u00f3n segura con protecci\u00f3n contra sitios web peligrosos.<\/li><li>Gestor de contrase\u00f1as para mayor seguridad en tus cuentas.<\/li><li>Protecci\u00f3n de identidad y monitoreo de datos personales.<\/li><li>Actualizaciones autom\u00e1ticas de seguridad.<\/li><li>Garant\u00eda de protecci\u00f3n activa durante toda la suscripci\u00f3n.<\/li><\/ul><p>Con esta <strong>suscripci\u00f3n original<\/strong>, tu seguridad digital est\u00e1 garantizada con todos los beneficios oficiales de McAfee.<\/p>\n\t\t\t\t\t<\/div>\n\t\t\t\t\t\t<\/div>\n\t\t\t\t<\/div>\n\t\t\t\t<\/div>\n\t\t<div class=\"elementor-element elementor-element-5323ab1 e-con-full e-flex e-con e-child\" data-id=\"5323ab1\" data-element_type=\"container\" data-e-type=\"container\">\n\t\t\t\t<\/div>\n\t\t<div class=\"elementor-element elementor-element-edd7b74 e-con-full e-flex e-con e-child\" data-id=\"edd7b74\" data-element_type=\"container\" data-e-type=\"container\">\n\t\t\t\t<\/div>\n\t\t\t\t<\/div>\n\t\t\t\t\t<\/div>\n\t\t\t\t<\/div>\n\t\t\t\t<\/div>\n\t\t","protected":false},"excerpt":{"rendered":"<p data-start=\"152\" data-end=\"462\"><strong data-start=\"152\" data-end=\"209\">Suscripci\u00f3n Anual <\/strong>de McAfee Total Protecci\u00f3n original, una de las soluciones de seguridad m\u00e1s confiables para proteger tus dispositivos contra virus, malware, ransomware y amenazas en l\u00ednea. Mant\u00e9n tu informaci\u00f3n personal segura con navegaci\u00f3n privada y herramientas avanzadas de protecci\u00f3n de identidad. Ideal para usuarios dom\u00e9sticos y profesionales que buscan seguridad completa en todos sus dispositivos, con rendimiento optimizado y actualizaciones autom\u00e1ticas.<\/p>\n","protected":false},"featured_media":27929,"comment_status":"open","ping_status":"closed","template":"","meta":[],"product_brand":[],"product_cat":[47,38,21],"product_tag":[],"class_list":{"0":"post-27424","1":"product","2":"type-product","3":"status-publish","4":"has-post-thumbnail","6":"product_cat-conexiones_vpn","7":"product_cat-herramientas","8":"product_cat-seguridad","10":"first","11":"outofstock","12":"sale","13":"virtual","14":"purchasable","15":"product-type-simple"},"jetpack_sharing_enabled":true,"_links":{"self":[{"href":"https:\/\/virtuxroom.com\/es_ec\/wp-json\/wp\/v2\/product\/27424","targetHints":{"allow":["GET"]}}],"collection":[{"href":"https:\/\/virtuxroom.com\/es_ec\/wp-json\/wp\/v2\/product"}],"about":[{"href":"https:\/\/virtuxroom.com\/es_ec\/wp-json\/wp\/v2\/types\/product"}],"replies":[{"embeddable":true,"href":"https:\/\/virtuxroom.com\/es_ec\/wp-json\/wp\/v2\/comments?post=27424"}],"version-history":[{"count":11,"href":"https:\/\/virtuxroom.com\/es_ec\/wp-json\/wp\/v2\/product\/27424\/revisions"}],"predecessor-version":[{"id":27930,"href":"https:\/\/virtuxroom.com\/es_ec\/wp-json\/wp\/v2\/product\/27424\/revisions\/27930"}],"wp:featuredmedia":[{"embeddable":true,"href":"https:\/\/virtuxroom.com\/es_ec\/wp-json\/wp\/v2\/media\/27929"}],"wp:attachment":[{"href":"https:\/\/virtuxroom.com\/es_ec\/wp-json\/wp\/v2\/media?parent=27424"}],"wp:term":[{"taxonomy":"product_brand","embeddable":true,"href":"https:\/\/virtuxroom.com\/es_ec\/wp-json\/wp\/v2\/product_brand?post=27424"},{"taxonomy":"product_cat","embeddable":true,"href":"https:\/\/virtuxroom.com\/es_ec\/wp-json\/wp\/v2\/product_cat?post=27424"},{"taxonomy":"product_tag","embeddable":true,"href":"https:\/\/virtuxroom.com\/es_ec\/wp-json\/wp\/v2\/product_tag?post=27424"}],"curies":[{"name":"wp","href":"https:\/\/api.w.org\/{rel}","templated":true}]}}