{"id":3,"date":"2025-06-28T17:09:34","date_gmt":"2025-06-28T17:09:34","guid":{"rendered":"https:\/\/virtuxroom.com\/?page_id=3"},"modified":"2025-07-21T20:15:14","modified_gmt":"2025-07-21T20:15:14","slug":"politica-privacidad","status":"publish","type":"page","link":"https:\/\/virtuxroom.com\/es_ec\/politica-privacidad\/","title":{"rendered":"Pol\u00edtica de Privacidad"},"content":{"rendered":"\n<p>En <strong>Virtuxroom<\/strong> valoramos tu privacidad y nos comprometemos a proteger la informaci\u00f3n personal que compartes con nosotros. Al utilizar nuestros servicios, aceptas los t\u00e9rminos descritos en esta pol\u00edtica.<\/p>\n\n\n\n<h2 class=\"wp-block-heading\"><strong>Datos que recopilamos<\/strong><\/h2>\n\n\n\n<p>Podemos solicitar y almacenar los siguientes datos:<\/p>\n\n\n\n<ul class=\"wp-block-list\">\n<li>Datos de navegaci\u00f3n (cookies, direcci\u00f3n IP, estad\u00edsticas de uso del sitio)<\/li>\n<\/ul>\n\n\n\n<ul class=\"wp-block-list\">\n<li>Nombre y apellidos<\/li>\n<\/ul>\n\n\n\n<ul class=\"wp-block-list\">\n<li>Correo electr\u00f3nico<\/li>\n<\/ul>\n\n\n\n<ul class=\"wp-block-list\">\n<li>N\u00famero de tel\u00e9fono o WhatsApp<\/li>\n<\/ul>\n\n\n\n<ul class=\"wp-block-list\">\n<li>Informaci\u00f3n de pago (procesada de manera segura, sin almacenar datos completos de tarjetas)<\/li>\n<\/ul>\n\n\n\n<h2 class=\"wp-block-heading\"><strong>Uso de la informaci\u00f3n<\/strong><\/h2>\n\n\n\n<p>Utilizamos tus datos \u00fanicamente para:<\/p>\n\n\n\n<ul class=\"wp-block-list\">\n<li>Mejorar la experiencia y funcionamiento de nuestra p\u00e1gina web<\/li>\n<\/ul>\n\n\n\n<ul class=\"wp-block-list\">\n<li>Procesar y entregar pedidos de forma segura<\/li>\n<\/ul>\n\n\n\n<ul class=\"wp-block-list\">\n<li>Gestionar pagos y facturaci\u00f3n<\/li>\n<\/ul>\n\n\n\n<ul class=\"wp-block-list\">\n<li>Brindar soporte y atenci\u00f3n al cliente<\/li>\n<\/ul>\n\n\n\n<ul class=\"wp-block-list\">\n<li>Enviar notificaciones sobre el estado de tus compras<\/li>\n<\/ul>\n\n\n\n<ul class=\"wp-block-list\">\n<li>Ofrecer promociones y novedades (solo si autorizas recibirlas)<\/li>\n<\/ul>\n\n\n\n<h2 class=\"wp-block-heading\"><strong>Protecci\u00f3n de la informaci\u00f3n<\/strong><\/h2>\n\n\n\n<p><font style=\"vertical-align: inherit;\"><font style=\"vertical-align: inherit;\">Implementamos medidas de seguridad para proteger tus datos. <strong>No compartimos tu informaci\u00f3n con terceros<\/strong>, salvo con proveedores de confianza necesarios para procesar pagos (por ejemplo, PayPal, Binance o pasarelas bancarias seguras).<\/font><\/font><\/p>\n\n\n\n<h2 class=\"wp-block-heading\"><strong>Uso de cookies<\/strong><\/h2>\n\n\n\n<p>Nuestro sitio utiliza cookies para mejorar tu experiencia de navegaci\u00f3n y obtener estad\u00edsticas de uso. Puedes desactivarlas en cualquier momento desde la configuraci\u00f3n de tu navegador.<\/p>\n\n\n\n<p><font style=\"vertical-align: inherit;\"><font style=\"vertical-align: inherit;\">Si deja un comentario en nuestro sitio, puede optar por guardar su nombre, direcci\u00f3n de correo electr\u00f3nico y sitio web en cookies. Esto es para su comodidad, para que no tenga que volver a introducir sus datos al dejar otro comentario. Estas cookies tienen una duraci\u00f3n de un a\u00f1o.<\/font><\/font><\/p>\n\n\n\n<p><font style=\"vertical-align: inherit;\"><font style=\"vertical-align: inherit;\">Si visita nuestra p\u00e1gina de inicio de sesi\u00f3n, instalaremos una cookie temporal para determinar si su navegador acepta cookies. Esta cookie no contiene datos personales y se elimina al cerrar el navegador.<\/font><\/font><\/p>\n\n\n\n<p><font style=\"vertical-align: inherit;\"><font style=\"vertical-align: inherit;\">Al iniciar sesi\u00f3n, tambi\u00e9n instalaremos varias cookies para guardar tu informaci\u00f3n de inicio de sesi\u00f3n y tus preferencias de visualizaci\u00f3n de pantalla. Las cookies de inicio de sesi\u00f3n duran dos d\u00edas, y las de opciones de pantalla, un a\u00f1o. Si seleccionas \u00abRecordarme\u00bb, tu inicio de sesi\u00f3n se conservar\u00e1 durante dos semanas. Si cierras sesi\u00f3n, las cookies de inicio de sesi\u00f3n se eliminar\u00e1n.<\/font><\/font><\/p>\n\n\n\n<h2 class=\"wp-block-heading\"><strong>Derechos del usuario<\/strong><\/h2>\n\n\n\n<ul class=\"wp-block-list\">\n<li><font style=\"vertical-align: inherit;\"><font style=\"vertical-align: inherit;\">Si tiene una cuenta en este sitio o ha dejado comentarios, puede solicitar un archivo exportado de los datos personales que tenemos sobre usted, incluyendo cualquier dato que nos haya proporcionado. Tambi\u00e9n puede solicitar que eliminemos cualquier dato personal que tengamos sobre usted. Esto no incluye los datos que estemos obligados a conservar con fines administrativos, legales o de seguridad.<\/font><\/font><\/li>\n<\/ul>\n\n\n\n<ul class=\"wp-block-list\">\n<li>Tambi\u00e9n puede revocar en cualquier momento la autorizaci\u00f3n para recibir promociones.<\/li>\n<\/ul>\n\n\n\n<p>Para ejercer estos derechos, cont\u00e1ctanos a trav\u00e9s de nuestro correo electr\u00f3nico o WhatsApp.<\/p>\n\n\n\n<h2 class=\"wp-block-heading\"><font style=\"vertical-align: inherit;\"><font style=\"vertical-align: inherit;\"><strong>Tiempo de conservaci\u00f3n de los datos<\/strong><\/font><\/font><\/h2>\n\n\n\n<p><font style=\"vertical-align: inherit;\"><font style=\"vertical-align: inherit;\">Si dejas un comentario, este y sus metadatos se conservan indefinidamente. Esto nos permite reconocer y aprobar autom\u00e1ticamente cualquier comentario posterior, en lugar de mantenerlo en una cola de moderaci\u00f3n.<\/font><\/font><\/p>\n\n\n\n<p><font style=\"vertical-align: inherit;\"><font style=\"vertical-align: inherit;\">De los usuarios que se registran en nuestro sitio web (si los hay), tambi\u00e9n almacenamos la informaci\u00f3n personal que proporcionan en su perfil. Todos los usuarios pueden ver, editar o eliminar su informaci\u00f3n personal en cualquier momento (excepto que no pueden cambiar su nombre de usuario). Los administradores del sitio web tambi\u00e9n pueden ver y editar dicha informaci\u00f3n.<\/font><\/font><\/p>\n\n\n\n<h2 class=\"wp-block-heading\"><strong>Actualizaciones de esta pol\u00edtica<\/strong><\/h2>\n\n\n\n<p><font style=\"vertical-align: inherit;\"><font style=\"vertical-align: inherit;\">Podemos actualizar esta Pol\u00edtica de Privacidad en cualquier momento. La fecha de la \u00faltima modificaci\u00f3n siempre se indicar\u00e1 al inicio del documento.<\/font><\/font><\/p>\n\n\n\n<h2 class=\"wp-block-heading\"><font style=\"vertical-align: inherit;\"><font style=\"vertical-align: inherit;\"><strong>Contacto<\/strong><\/font><\/font><\/h2>\n\n\n\n<p>Si tienes dudas sobre nuestra Pol\u00edtica de Privacidad o el manejo de tus datos, puedes escribirnos a:<\/p>\n\n\n\n<p>\ud83d\udce7 <strong><a>support@virtuxroom.com<\/a><\/strong><br>\ud83d\udcf1 <strong><a href=\"https:\/\/wa.me\/+593984705624\" data-type=\"link\" data-id=\"https:\/\/wa.me\/+593984705624\">WhatsApp: +593 98 470 5624<\/a><\/strong><\/p>\n\n\n\n<p><\/p>\n","protected":false},"excerpt":{"rendered":"<p>En Virtuxroom valoramos tu privacidad y nos comprometemos a proteger la informaci\u00f3n personal que compartes con nosotros. Al utilizar nuestros<\/p>\n","protected":false},"author":1,"featured_media":0,"parent":0,"menu_order":0,"comment_status":"closed","ping_status":"closed","template":"","meta":{"footnotes":""},"class_list":["post-3","page","type-page","status-publish","hentry"],"jetpack_sharing_enabled":true,"_links":{"self":[{"href":"https:\/\/virtuxroom.com\/es_ec\/wp-json\/wp\/v2\/pages\/3","targetHints":{"allow":["GET"]}}],"collection":[{"href":"https:\/\/virtuxroom.com\/es_ec\/wp-json\/wp\/v2\/pages"}],"about":[{"href":"https:\/\/virtuxroom.com\/es_ec\/wp-json\/wp\/v2\/types\/page"}],"author":[{"embeddable":true,"href":"https:\/\/virtuxroom.com\/es_ec\/wp-json\/wp\/v2\/users\/1"}],"replies":[{"embeddable":true,"href":"https:\/\/virtuxroom.com\/es_ec\/wp-json\/wp\/v2\/comments?post=3"}],"version-history":[{"count":3,"href":"https:\/\/virtuxroom.com\/es_ec\/wp-json\/wp\/v2\/pages\/3\/revisions"}],"predecessor-version":[{"id":27529,"href":"https:\/\/virtuxroom.com\/es_ec\/wp-json\/wp\/v2\/pages\/3\/revisions\/27529"}],"wp:attachment":[{"href":"https:\/\/virtuxroom.com\/es_ec\/wp-json\/wp\/v2\/media?parent=3"}],"curies":[{"name":"wp","href":"https:\/\/api.w.org\/{rel}","templated":true}]}}